{"id":777,"date":"2024-03-25T15:25:09","date_gmt":"2024-03-25T15:25:09","guid":{"rendered":"https:\/\/tenerifetennisacademy.com\/?page_id=777"},"modified":"2025-06-24T09:40:32","modified_gmt":"2025-06-24T09:40:32","slug":"campamentos-de-verano","status":"publish","type":"page","link":"https:\/\/tenerifetennisacademy.com\/fr\/escuela\/campamentos-de-verano","title":{"rendered":"Campamentos de verano"},"content":{"rendered":"<div data-elementor-type=\"wp-post\" data-elementor-id=\"777\" class=\"elementor elementor-777\" data-elementor-post-type=\"page\">\n\t\t\t\t<div class=\"elementor-element elementor-element-e9cca99 e-flex e-con-boxed e-con e-parent\" data-id=\"e9cca99\" data-element_type=\"container\" data-e-type=\"container\" data-settings=\"{&quot;background_background&quot;:&quot;classic&quot;}\">\n\t\t\t\t\t<div class=\"e-con-inner\">\n\t\t\t\t\t<\/div>\n\t\t\t\t<\/div>\n\t\t<div class=\"elementor-element elementor-element-95975a3 e-con-full e-flex e-con e-parent\" data-id=\"95975a3\" data-element_type=\"container\" data-e-type=\"container\" data-settings=\"{&quot;shape_divider_top&quot;:&quot;mountains&quot;,&quot;background_background&quot;:&quot;gradient&quot;}\">\n\t\t\t\t<div class=\"elementor-shape elementor-shape-top\" aria-hidden=\"true\" data-negative=\"false\">\n\t\t\t<svg xmlns=\"http:\/\/www.w3.org\/2000\/svg\" viewbox=\"0 0 1000 100\" preserveaspectratio=\"none\">\n\t<path class=\"elementor-shape-fill\" opacity=\"0.33\" d=\"M473,67.3c-203.9,88.3-263.1-34-320.3,0C66,119.1,0,59.7,0,59.7V0h1000v59.7 c0,0-62.1,26.1-94.9,29.3c-32.8,3.3-62.8-12.3-75.8-22.1C806,49.6,745.3,8.7,694.9,4.7S492.4,59,473,67.3z\"\/>\n\t<path class=\"elementor-shape-fill\" opacity=\"0.66\" d=\"M734,67.3c-45.5,0-77.2-23.2-129.1-39.1c-28.6-8.7-150.3-10.1-254,39.1 s-91.7-34.4-149.2,0C115.7,118.3,0,39.8,0,39.8V0h1000v36.5c0,0-28.2-18.5-92.1-18.5C810.2,18.1,775.7,67.3,734,67.3z\"\/>\n\t<path class=\"elementor-shape-fill\" d=\"M766.1,28.9c-200-57.5-266,65.5-395.1,19.5C242,1.8,242,5.4,184.8,20.6C128,35.8,132.3,44.9,89.9,52.5C28.6,63.7,0,0,0,0 h1000c0,0-9.9,40.9-83.6,48.1S829.6,47,766.1,28.9z\"\/>\n<\/svg>\t\t<\/div>\n\t\t<div class=\"elementor-element elementor-element-af610de e-con-full e-flex e-con e-child\" data-id=\"af610de\" data-element_type=\"container\" data-e-type=\"container\" data-settings=\"{&quot;background_background&quot;:&quot;classic&quot;}\">\n\t\t\t\t<div class=\"elementor-element elementor-element-c74a794 elementor-widget elementor-widget-heading\" data-id=\"c74a794\" data-element_type=\"widget\" data-e-type=\"widget\" data-widget_type=\"heading.default\">\n\t\t\t\t<div class=\"elementor-widget-container\">\n\t\t\t\t\t<h2 class=\"elementor-heading-title elementor-size-default\">Ce qui est inclus : <\/h2>\t\t\t\t<\/div>\n\t\t\t\t<\/div>\n\t\t\t\t<div class=\"elementor-element elementor-element-8cc011c elementor-widget elementor-widget-text-editor\" data-id=\"8cc011c\" data-element_type=\"widget\" data-e-type=\"widget\" data-widget_type=\"text-editor.default\">\n\t\t\t\t<div class=\"elementor-widget-container\">\n\t\t\t\t\t\t\t\t\t<p class=\"translation-block\">Rejoignez-nous au<strong> Chayofa Tennis Club<\/strong>, Calle El Morro, Chayofa pour une semaine de P\u00e2ques amusante et un camp d\u2019\u00e9t\u00e9 prolong\u00e9. Nos moniteurs ont pr\u00e9vu des activit\u00e9s pour que vos enfants profitent pleinement de leurs vacances scolaires. Activit\u00e9s :<\/p>\t\t\t\t\t\t\t\t<\/div>\n\t\t\t\t<\/div>\n\t\t\t\t<div class=\"elementor-element elementor-element-bf09b39 elementor-widget elementor-widget-text-editor\" data-id=\"bf09b39\" data-element_type=\"widget\" data-e-type=\"widget\" data-widget_type=\"text-editor.default\">\n\t\t\t\t<div class=\"elementor-widget-container\">\n\t\t\t\t\t\t\t\t\t<ul><li>Tennis, Padel, Tennis de table<\/li><li>Bricolages et exp\u00e9riences<\/li><li>Basket-ball<\/li><li>Apr\u00e8s-midi cin\u00e9ma<\/li><li>Jeux de groupe\u00a0\u00a0<\/li><li class=\"translation-block\">Collation du matin pour la demi-journ\u00e9e (faite maison sur place)<\/li><li class=\"translation-block\">Collation du matin et d\u00e9jeuner pour la journ\u00e9e compl\u00e8te (faits cafeteria)<\/li><\/ul>\t\t\t\t\t\t\t\t<\/div>\n\t\t\t\t<\/div>\n\t\t\t\t<\/div>\n\t\t<div class=\"elementor-element elementor-element-cb1c87f e-con-full e-flex e-con e-child\" data-id=\"cb1c87f\" data-element_type=\"container\" data-e-type=\"container\" data-settings=\"{&quot;background_background&quot;:&quot;classic&quot;}\">\n\t\t\t\t<\/div>\n\t\t\t\t<\/div>\n\t\t<div class=\"elementor-element elementor-element-d78bbc1 e-flex e-con-boxed e-con e-parent\" data-id=\"d78bbc1\" data-element_type=\"container\" data-e-type=\"container\">\n\t\t\t\t\t<div class=\"e-con-inner\">\n\t\t\t\t<div class=\"elementor-element elementor-element-92fd096 elementor-mobile-align-center elementor-align-center elementor-widget elementor-widget-button\" data-id=\"92fd096\" data-element_type=\"widget\" data-e-type=\"widget\" data-widget_type=\"button.default\">\n\t\t\t\t<div class=\"elementor-widget-container\">\n\t\t\t\t\t\t\t\t\t<div class=\"elementor-button-wrapper\">\n\t\t\t\t\t<a class=\"elementor-button elementor-button-link elementor-size-sm\" href=\"https:\/\/tenerifetennisacademy.com\/wp-content\/uploads\/2025\/05\/SUMMER-MENU.pdf\" target=\"_blank\">\n\t\t\t\t\t\t<span class=\"elementor-button-content-wrapper\">\n\t\t\t\t\t\t\t\t\t<span class=\"elementor-button-text\">SUMMER MENU<\/span>\n\t\t\t\t\t<\/span>\n\t\t\t\t\t<\/a>\n\t\t\t\t<\/div>\n\t\t\t\t\t\t\t\t<\/div>\n\t\t\t\t<\/div>\n\t\t\t\t<div class=\"elementor-element elementor-element-abff8f9 elementor-align-right elementor-mobile-align-center elementor-widget elementor-widget-button\" data-id=\"abff8f9\" data-element_type=\"widget\" data-e-type=\"widget\" data-widget_type=\"button.default\">\n\t\t\t\t<div class=\"elementor-widget-container\">\n\t\t\t\t\t\t\t\t\t<div class=\"elementor-button-wrapper\">\n\t\t\t\t\t<a class=\"elementor-button elementor-button-link elementor-size-sm\" href=\"https:\/\/tenerifetennisacademy.com\/wp-content\/uploads\/2025\/06\/Summer-Camp-TimeTable.jpg\">\n\t\t\t\t\t\t<span class=\"elementor-button-content-wrapper\">\n\t\t\t\t\t\t\t\t\t<span class=\"elementor-button-text\">TIMETABLE<\/span>\n\t\t\t\t\t<\/span>\n\t\t\t\t\t<\/a>\n\t\t\t\t<\/div>\n\t\t\t\t\t\t\t\t<\/div>\n\t\t\t\t<\/div>\n\t\t\t\t<div class=\"elementor-element elementor-element-da3cb12 elementor-align-right elementor-mobile-align-center elementor-widget elementor-widget-button\" data-id=\"da3cb12\" data-element_type=\"widget\" data-e-type=\"widget\" data-widget_type=\"button.default\">\n\t\t\t\t<div class=\"elementor-widget-container\">\n\t\t\t\t\t\t\t\t\t<div class=\"elementor-button-wrapper\">\n\t\t\t\t\t<a class=\"elementor-button elementor-button-link elementor-size-sm\" href=\"https:\/\/docs.google.com\/forms\/d\/e\/1FAIpQLSfyBRf7fa8n_5AfQQIAYsUmU1YCcDukXo4kBoADP_wxfgvKvw\/viewform?usp=sharing\" target=\"_blank\">\n\t\t\t\t\t\t<span class=\"elementor-button-content-wrapper\">\n\t\t\t\t\t\t\t\t\t<span class=\"elementor-button-text\">Inscrivez-vous<\/span>\n\t\t\t\t\t<\/span>\n\t\t\t\t\t<\/a>\n\t\t\t\t<\/div>\n\t\t\t\t\t\t\t\t<\/div>\n\t\t\t\t<\/div>\n\t\t\t\t\t<\/div>\n\t\t\t\t<\/div>\n\t\t<div class=\"elementor-element elementor-element-2038563 e-con-full e-flex e-con e-parent\" data-id=\"2038563\" data-element_type=\"container\" data-e-type=\"container\">\n\t\t<div class=\"elementor-element elementor-element-9a8a6fd e-con-full e-flex e-con e-child\" data-id=\"9a8a6fd\" data-element_type=\"container\" data-e-type=\"container\" data-settings=\"{&quot;background_background&quot;:&quot;gradient&quot;}\">\n\t\t\t\t<\/div>\n\t\t<div class=\"elementor-element elementor-element-53eb67d e-con-full e-flex e-con e-child\" data-id=\"53eb67d\" data-element_type=\"container\" data-e-type=\"container\" data-settings=\"{&quot;background_background&quot;:&quot;classic&quot;,&quot;shape_divider_top&quot;:&quot;mountains&quot;}\">\n\t\t\t\t<div class=\"elementor-shape elementor-shape-top\" aria-hidden=\"true\" data-negative=\"false\">\n\t\t\t<svg xmlns=\"http:\/\/www.w3.org\/2000\/svg\" viewbox=\"0 0 1000 100\" preserveaspectratio=\"none\">\n\t<path class=\"elementor-shape-fill\" opacity=\"0.33\" d=\"M473,67.3c-203.9,88.3-263.1-34-320.3,0C66,119.1,0,59.7,0,59.7V0h1000v59.7 c0,0-62.1,26.1-94.9,29.3c-32.8,3.3-62.8-12.3-75.8-22.1C806,49.6,745.3,8.7,694.9,4.7S492.4,59,473,67.3z\"\/>\n\t<path class=\"elementor-shape-fill\" opacity=\"0.66\" d=\"M734,67.3c-45.5,0-77.2-23.2-129.1-39.1c-28.6-8.7-150.3-10.1-254,39.1 s-91.7-34.4-149.2,0C115.7,118.3,0,39.8,0,39.8V0h1000v36.5c0,0-28.2-18.5-92.1-18.5C810.2,18.1,775.7,67.3,734,67.3z\"\/>\n\t<path class=\"elementor-shape-fill\" d=\"M766.1,28.9c-200-57.5-266,65.5-395.1,19.5C242,1.8,242,5.4,184.8,20.6C128,35.8,132.3,44.9,89.9,52.5C28.6,63.7,0,0,0,0 h1000c0,0-9.9,40.9-83.6,48.1S829.6,47,766.1,28.9z\"\/>\n<\/svg>\t\t<\/div>\n\t\t\t\t<div class=\"elementor-element elementor-element-083e7ac elementor-widget elementor-widget-heading\" data-id=\"083e7ac\" data-element_type=\"widget\" data-e-type=\"widget\" data-widget_type=\"heading.default\">\n\t\t\t\t<div class=\"elementor-widget-container\">\n\t\t\t\t\t<p class=\"elementor-heading-title elementor-size-default\">\u00c0 apporter :<\/p>\t\t\t\t<\/div>\n\t\t\t\t<\/div>\n\t\t\t\t<div class=\"elementor-element elementor-element-576c2c7 elementor-widget elementor-widget-text-editor\" data-id=\"576c2c7\" data-element_type=\"widget\" data-e-type=\"widget\" data-widget_type=\"text-editor.default\">\n\t\t\t\t<div class=\"elementor-widget-container\">\n\t\t\t\t\t\t\t\t\t<ul>\n<li>Eau (\u00e9galement disponible \u00e0 la caf\u00e9t\u00e9ria)<\/li>\n<li>Cr\u00e8me solaire et chapeau<\/li>\n<li>V\u00eatements de rechange&nbsp;<\/li>\n<li>Towel, Flip Flops, Bathing Clothes on Fridays<\/li>\n<\/ul>\t\t\t\t\t\t\t\t<\/div>\n\t\t\t\t<\/div>\n\t\t\t\t<div class=\"elementor-element elementor-element-65b07ad elementor-widget elementor-widget-heading\" data-id=\"65b07ad\" data-element_type=\"widget\" data-e-type=\"widget\" data-widget_type=\"heading.default\">\n\t\t\t\t<div class=\"elementor-widget-container\">\n\t\t\t\t\t<p class=\"elementor-heading-title elementor-size-default\">Dates et horaires :<\/p>\t\t\t\t<\/div>\n\t\t\t\t<\/div>\n\t\t\t\t<div class=\"elementor-element elementor-element-90e9820 elementor-widget elementor-widget-text-editor\" data-id=\"90e9820\" data-element_type=\"widget\" data-e-type=\"widget\" data-widget_type=\"text-editor.default\">\n\t\t\t\t<div class=\"elementor-widget-container\">\n\t\t\t\t\t\t\t\t\t<ul><li class=\"translation-block\"><span style=\"background-color: transparent\"><b>\u00c9T\u00c9 :<\/b>23 juin \u2013 5 septembre (11 semaines)\n<\/span><br><\/li><\/ul>\t\t\t\t\t\t\t\t<\/div>\n\t\t\t\t<\/div>\n\t\t\t\t<div class=\"elementor-element elementor-element-6df3bcc elementor-widget elementor-widget-text-editor\" data-id=\"6df3bcc\" data-element_type=\"widget\" data-e-type=\"widget\" data-widget_type=\"text-editor.default\">\n\t\t\t\t<div class=\"elementor-widget-container\">\n\t\t\t\t\t\t\t\t\t<ul><li class=\"translation-block\"><span style=\"background-color: transparent\"><b>DEMI-JOURN\u00c9E :<\/b>\u00a0 \u00a08h30\u201313h30 (collation incluse)<\/span><\/li><li class=\"translation-block\"><span style=\"background-color: transparent\"><b>JOURN\u00c9E COMPL\u00c8TE :\u00a0<\/b> 8h30\u201316h30 (collation et d\u00e9jeuner inclus)<\/span><\/li><li class=\"translation-block\"><strong>HEURES SUPPL\u00c9MENTAIRES : <\/strong> 16h30\u201318h30 (5\u20ac\/h avec pr\u00e9avis)<\/li><li><b>INDIVIDUAL DAYS:<\/b> 27.50\u20ac\/day includes snack and lunch<\/li><\/ul>\t\t\t\t\t\t\t\t<\/div>\n\t\t\t\t<\/div>\n\t\t\t\t<div class=\"elementor-element elementor-element-153105e elementor-align-right elementor-widget elementor-widget-button\" data-id=\"153105e\" data-element_type=\"widget\" data-e-type=\"widget\" data-widget_type=\"button.default\">\n\t\t\t\t<div class=\"elementor-widget-container\">\n\t\t\t\t\t\t\t\t\t<div class=\"elementor-button-wrapper\">\n\t\t\t\t\t<a class=\"elementor-button elementor-button-link elementor-size-md\" href=\"https:\/\/docs.google.com\/forms\/d\/e\/1FAIpQLSfyBRf7fa8n_5AfQQIAYsUmU1YCcDukXo4kBoADP_wxfgvKvw\/viewform?usp=sharing\" target=\"_blank\">\n\t\t\t\t\t\t<span class=\"elementor-button-content-wrapper\">\n\t\t\t\t\t\t\t\t\t<span class=\"elementor-button-text\">Inscrivez-vous<\/span>\n\t\t\t\t\t<\/span>\n\t\t\t\t\t<\/a>\n\t\t\t\t<\/div>\n\t\t\t\t\t\t\t\t<\/div>\n\t\t\t\t<\/div>\n\t\t\t\t<\/div>\n\t\t\t\t<\/div>\n\t\t<div class=\"elementor-element elementor-element-7cccff0 e-flex e-con-boxed e-con e-parent\" data-id=\"7cccff0\" data-element_type=\"container\" data-e-type=\"container\">\n\t\t\t\t\t<div class=\"e-con-inner\">\n\t\t\t\t<div class=\"elementor-element elementor-element-ecce57d elementor-widget elementor-widget-heading\" data-id=\"ecce57d\" data-element_type=\"widget\" data-e-type=\"widget\" data-widget_type=\"heading.default\">\n\t\t\t\t<div class=\"elementor-widget-container\">\n\t\t\t\t\t<p class=\"elementor-heading-title elementor-size-default\">Tarifs :<\/p>\t\t\t\t<\/div>\n\t\t\t\t<\/div>\n\t\t\t\t<div class=\"elementor-element elementor-element-16ccd96 elementor-widget elementor-widget-text-editor\" data-id=\"16ccd96\" data-element_type=\"widget\" data-e-type=\"widget\" data-widget_type=\"text-editor.default\">\n\t\t\t\t<div class=\"elementor-widget-container\">\n\t\t\t\t\t\t\t\t\t<p class=\"translation-block\"><br><strong>5% de r\u00e9duction<\/strong>pour r\u00e9servation anticip\u00e9e avec paiement avant le 15 juin\u00a0<br><strong>5% de r\u00e9duction <\/strong> pour les\u00a0fr\u00e8res\u00a0et\u00a0s\u0153urs<\/p>\t\t\t\t\t\t\t\t<\/div>\n\t\t\t\t<\/div>\n\t\t\t\t<div class=\"elementor-element elementor-element-f5a7b6a elementor-widget elementor-widget-image\" data-id=\"f5a7b6a\" data-element_type=\"widget\" data-e-type=\"widget\" data-widget_type=\"image.default\">\n\t\t\t\t<div class=\"elementor-widget-container\">\n\t\t\t\t\t\t\t\t\t\t\t\t\t\t\t<img fetchpriority=\"high\" decoding=\"async\" width=\"800\" height=\"265\" src=\"https:\/\/tenerifetennisacademy.com\/wp-content\/uploads\/2025\/03\/Multiweek-prices-1024x339.jpg\" class=\"attachment-large size-large wp-image-2173\" alt=\"\" srcset=\"https:\/\/tenerifetennisacademy.com\/wp-content\/uploads\/2025\/03\/Multiweek-prices-1024x339.jpg 1024w, https:\/\/tenerifetennisacademy.com\/wp-content\/uploads\/2025\/03\/Multiweek-prices-300x99.jpg 300w, https:\/\/tenerifetennisacademy.com\/wp-content\/uploads\/2025\/03\/Multiweek-prices-768x254.jpg 768w, https:\/\/tenerifetennisacademy.com\/wp-content\/uploads\/2025\/03\/Multiweek-prices-1536x509.jpg 1536w, https:\/\/tenerifetennisacademy.com\/wp-content\/uploads\/2025\/03\/Multiweek-prices-18x6.jpg 18w, https:\/\/tenerifetennisacademy.com\/wp-content\/uploads\/2025\/03\/Multiweek-prices.jpg 1600w\" sizes=\"(max-width: 800px) 100vw, 800px\" \/>\t\t\t\t\t\t\t\t\t\t\t\t\t\t\t<\/div>\n\t\t\t\t<\/div>\n\t\t\t\t<div class=\"elementor-element elementor-element-dd49a14 elementor-align-right elementor-widget elementor-widget-button\" data-id=\"dd49a14\" data-element_type=\"widget\" data-e-type=\"widget\" data-widget_type=\"button.default\">\n\t\t\t\t<div class=\"elementor-widget-container\">\n\t\t\t\t\t\t\t\t\t<div class=\"elementor-button-wrapper\">\n\t\t\t\t\t<a class=\"elementor-button elementor-button-link elementor-size-md\" href=\"https:\/\/docs.google.com\/forms\/d\/e\/1FAIpQLSfyBRf7fa8n_5AfQQIAYsUmU1YCcDukXo4kBoADP_wxfgvKvw\/viewform?usp=sharing\" target=\"_blank\">\n\t\t\t\t\t\t<span class=\"elementor-button-content-wrapper\">\n\t\t\t\t\t\t\t\t\t<span class=\"elementor-button-text\">Inscrivez-vous<\/span>\n\t\t\t\t\t<\/span>\n\t\t\t\t\t<\/a>\n\t\t\t\t<\/div>\n\t\t\t\t\t\t\t\t<\/div>\n\t\t\t\t<\/div>\n\t\t\t\t\t<\/div>\n\t\t\t\t<\/div>\n\t\t\t\t<\/div>","protected":false},"excerpt":{"rendered":"<p>What&#8217;s Included: Join us at Chayofa Tennis Club, Calle El Morro, Chayofa for a fun packed easter week and summer long camp.\u00a0 Where our monitors have been planning fun events for your children to make the most of their time off school. To include the following activites Tennis, Padel, Table Tennis Crafts &amp; Experiments Basketball [&hellip;]<\/p>\n","protected":false},"author":4,"featured_media":0,"parent":417,"menu_order":0,"comment_status":"closed","ping_status":"closed","template":"","meta":{"footnotes":""},"class_list":["post-777","page","type-page","status-publish","hentry"],"yoast_head":"<!-- This site is optimized with the Yoast SEO plugin v26.8 - https:\/\/yoast.com\/product\/yoast-seo-wordpress\/ -->\n<title>Campamentos de verano - (2026)<\/title>\n<meta name=\"robots\" content=\"index, follow, max-snippet:-1, max-image-preview:large, max-video-preview:-1\" \/>\n<link rel=\"canonical\" href=\"https:\/\/tenerifetennisacademy.com\/fr\/escuela\/campamentos-de-verano\/\" \/>\n<meta property=\"og:locale\" content=\"fr_FR\" \/>\n<meta property=\"og:type\" content=\"article\" \/>\n<meta property=\"og:title\" content=\"Campamentos de verano - (2026)\" \/>\n<meta property=\"og:url\" content=\"https:\/\/tenerifetennisacademy.com\/fr\/escuela\/campamentos-de-verano\/\" \/>\n<meta property=\"og:site_name\" content=\"Tenerife Tennis Academy\" \/>\n<meta property=\"article:modified_time\" content=\"2025-06-24T09:40:32+00:00\" \/>\n<meta property=\"og:image\" content=\"https:\/\/tenerifetennisacademy.com\/wp-content\/uploads\/2025\/03\/Multiweek-prices.jpg\" \/>\n\t<meta property=\"og:image:width\" content=\"1600\" \/>\n\t<meta property=\"og:image:height\" content=\"530\" \/>\n\t<meta property=\"og:image:type\" content=\"image\/jpeg\" \/>\n<meta name=\"twitter:card\" content=\"summary_large_image\" \/>\n<meta name=\"twitter:label1\" content=\"Dur\u00e9e de lecture estim\u00e9e\" \/>\n\t<meta name=\"twitter:data1\" content=\"1 minute\" \/>\n<script type=\"application\/ld+json\" class=\"yoast-schema-graph\">{\"@context\":\"https:\/\/schema.org\",\"@graph\":[{\"@type\":\"WebPage\",\"@id\":\"https:\/\/tenerifetennisacademy.com\/escuela\/campamentos-de-verano\",\"url\":\"https:\/\/tenerifetennisacademy.com\/escuela\/campamentos-de-verano\",\"name\":\"Campamentos de verano - (2026)\",\"isPartOf\":{\"@id\":\"https:\/\/tenerifetennisacademy.com\/#website\"},\"primaryImageOfPage\":{\"@id\":\"https:\/\/tenerifetennisacademy.com\/escuela\/campamentos-de-verano#primaryimage\"},\"image\":{\"@id\":\"https:\/\/tenerifetennisacademy.com\/escuela\/campamentos-de-verano#primaryimage\"},\"thumbnailUrl\":\"https:\/\/tenerifetennisacademy.com\/wp-content\/uploads\/2025\/03\/Multiweek-prices-1024x339.jpg\",\"datePublished\":\"2024-03-25T15:25:09+00:00\",\"dateModified\":\"2025-06-24T09:40:32+00:00\",\"breadcrumb\":{\"@id\":\"https:\/\/tenerifetennisacademy.com\/escuela\/campamentos-de-verano#breadcrumb\"},\"inLanguage\":\"fr-FR\",\"potentialAction\":[{\"@type\":\"ReadAction\",\"target\":[\"https:\/\/tenerifetennisacademy.com\/escuela\/campamentos-de-verano\"]}]},{\"@type\":\"ImageObject\",\"inLanguage\":\"fr-FR\",\"@id\":\"https:\/\/tenerifetennisacademy.com\/escuela\/campamentos-de-verano#primaryimage\",\"url\":\"https:\/\/tenerifetennisacademy.com\/wp-content\/uploads\/2025\/03\/Multiweek-prices-1024x339.jpg\",\"contentUrl\":\"https:\/\/tenerifetennisacademy.com\/wp-content\/uploads\/2025\/03\/Multiweek-prices-1024x339.jpg\"},{\"@type\":\"BreadcrumbList\",\"@id\":\"https:\/\/tenerifetennisacademy.com\/escuela\/campamentos-de-verano#breadcrumb\",\"itemListElement\":[{\"@type\":\"ListItem\",\"position\":1,\"name\":\"Home\",\"item\":\"https:\/\/tenerifetennisacademy.com\/\"},{\"@type\":\"ListItem\",\"position\":2,\"name\":\"Escuela\",\"item\":\"https:\/\/tenerifetennisacademy.com\/escuela\"},{\"@type\":\"ListItem\",\"position\":3,\"name\":\"Campamentos de verano\"}]},{\"@type\":\"WebSite\",\"@id\":\"https:\/\/tenerifetennisacademy.com\/#website\",\"url\":\"https:\/\/tenerifetennisacademy.com\/\",\"name\":\"Tenerife Tennis Academy\",\"description\":\"Academia de Tenis en Tenerife\",\"publisher\":{\"@id\":\"https:\/\/tenerifetennisacademy.com\/#organization\"},\"potentialAction\":[{\"@type\":\"SearchAction\",\"target\":{\"@type\":\"EntryPoint\",\"urlTemplate\":\"https:\/\/tenerifetennisacademy.com\/?s={search_term_string}\"},\"query-input\":{\"@type\":\"PropertyValueSpecification\",\"valueRequired\":true,\"valueName\":\"search_term_string\"}}],\"inLanguage\":\"fr-FR\"},{\"@type\":\"Organization\",\"@id\":\"https:\/\/tenerifetennisacademy.com\/#organization\",\"name\":\"Tenerife Tennis Academy\",\"url\":\"https:\/\/tenerifetennisacademy.com\/\",\"logo\":{\"@type\":\"ImageObject\",\"inLanguage\":\"fr-FR\",\"@id\":\"https:\/\/tenerifetennisacademy.com\/#\/schema\/logo\/image\/\",\"url\":\"https:\/\/tenerifetennisacademy.com\/wp-content\/uploads\/2024\/03\/TTA-LOGO.png\",\"contentUrl\":\"https:\/\/tenerifetennisacademy.com\/wp-content\/uploads\/2024\/03\/TTA-LOGO.png\",\"width\":350,\"height\":98,\"caption\":\"Tenerife Tennis Academy\"},\"image\":{\"@id\":\"https:\/\/tenerifetennisacademy.com\/#\/schema\/logo\/image\/\"}}]}<\/script>\n<!-- \/ Yoast SEO plugin. -->","yoast_head_json":{"title":"Campamentos de verano - (2026)","robots":{"index":"index","follow":"follow","max-snippet":"max-snippet:-1","max-image-preview":"max-image-preview:large","max-video-preview":"max-video-preview:-1"},"canonical":"https:\/\/tenerifetennisacademy.com\/fr\/escuela\/campamentos-de-verano\/","og_locale":"fr_FR","og_type":"article","og_title":"Campamentos de verano - (2026)","og_url":"https:\/\/tenerifetennisacademy.com\/fr\/escuela\/campamentos-de-verano\/","og_site_name":"Tenerife Tennis Academy","article_modified_time":"2025-06-24T09:40:32+00:00","og_image":[{"width":1600,"height":530,"url":"https:\/\/tenerifetennisacademy.com\/wp-content\/uploads\/2025\/03\/Multiweek-prices.jpg","type":"image\/jpeg"}],"twitter_card":"summary_large_image","twitter_misc":{"Dur\u00e9e de lecture estim\u00e9e":"1 minute"},"schema":{"@context":"https:\/\/schema.org","@graph":[{"@type":"WebPage","@id":"https:\/\/tenerifetennisacademy.com\/escuela\/campamentos-de-verano","url":"https:\/\/tenerifetennisacademy.com\/escuela\/campamentos-de-verano","name":"Campamentos de verano - (2026)","isPartOf":{"@id":"https:\/\/tenerifetennisacademy.com\/#website"},"primaryImageOfPage":{"@id":"https:\/\/tenerifetennisacademy.com\/escuela\/campamentos-de-verano#primaryimage"},"image":{"@id":"https:\/\/tenerifetennisacademy.com\/escuela\/campamentos-de-verano#primaryimage"},"thumbnailUrl":"https:\/\/tenerifetennisacademy.com\/wp-content\/uploads\/2025\/03\/Multiweek-prices-1024x339.jpg","datePublished":"2024-03-25T15:25:09+00:00","dateModified":"2025-06-24T09:40:32+00:00","breadcrumb":{"@id":"https:\/\/tenerifetennisacademy.com\/escuela\/campamentos-de-verano#breadcrumb"},"inLanguage":"fr-FR","potentialAction":[{"@type":"ReadAction","target":["https:\/\/tenerifetennisacademy.com\/escuela\/campamentos-de-verano"]}]},{"@type":"ImageObject","inLanguage":"fr-FR","@id":"https:\/\/tenerifetennisacademy.com\/escuela\/campamentos-de-verano#primaryimage","url":"https:\/\/tenerifetennisacademy.com\/wp-content\/uploads\/2025\/03\/Multiweek-prices-1024x339.jpg","contentUrl":"https:\/\/tenerifetennisacademy.com\/wp-content\/uploads\/2025\/03\/Multiweek-prices-1024x339.jpg"},{"@type":"BreadcrumbList","@id":"https:\/\/tenerifetennisacademy.com\/escuela\/campamentos-de-verano#breadcrumb","itemListElement":[{"@type":"ListItem","position":1,"name":"Home","item":"https:\/\/tenerifetennisacademy.com\/"},{"@type":"ListItem","position":2,"name":"Escuela","item":"https:\/\/tenerifetennisacademy.com\/escuela"},{"@type":"ListItem","position":3,"name":"Campamentos de verano"}]},{"@type":"WebSite","@id":"https:\/\/tenerifetennisacademy.com\/#website","url":"https:\/\/tenerifetennisacademy.com\/","name":"Tenerife Tennis Academy","description":"Academia de Tenis en Tenerife","publisher":{"@id":"https:\/\/tenerifetennisacademy.com\/#organization"},"potentialAction":[{"@type":"SearchAction","target":{"@type":"EntryPoint","urlTemplate":"https:\/\/tenerifetennisacademy.com\/?s={search_term_string}"},"query-input":{"@type":"PropertyValueSpecification","valueRequired":true,"valueName":"search_term_string"}}],"inLanguage":"fr-FR"},{"@type":"Organization","@id":"https:\/\/tenerifetennisacademy.com\/#organization","name":"Tenerife Tennis Academy","url":"https:\/\/tenerifetennisacademy.com\/","logo":{"@type":"ImageObject","inLanguage":"fr-FR","@id":"https:\/\/tenerifetennisacademy.com\/#\/schema\/logo\/image\/","url":"https:\/\/tenerifetennisacademy.com\/wp-content\/uploads\/2024\/03\/TTA-LOGO.png","contentUrl":"https:\/\/tenerifetennisacademy.com\/wp-content\/uploads\/2024\/03\/TTA-LOGO.png","width":350,"height":98,"caption":"Tenerife Tennis Academy"},"image":{"@id":"https:\/\/tenerifetennisacademy.com\/#\/schema\/logo\/image\/"}}]}},"_links":{"self":[{"href":"https:\/\/tenerifetennisacademy.com\/fr\/wp-json\/wp\/v2\/pages\/777","targetHints":{"allow":["GET"]}}],"collection":[{"href":"https:\/\/tenerifetennisacademy.com\/fr\/wp-json\/wp\/v2\/pages"}],"about":[{"href":"https:\/\/tenerifetennisacademy.com\/fr\/wp-json\/wp\/v2\/types\/page"}],"author":[{"embeddable":true,"href":"https:\/\/tenerifetennisacademy.com\/fr\/wp-json\/wp\/v2\/users\/4"}],"replies":[{"embeddable":true,"href":"https:\/\/tenerifetennisacademy.com\/fr\/wp-json\/wp\/v2\/comments?post=777"}],"version-history":[{"count":109,"href":"https:\/\/tenerifetennisacademy.com\/fr\/wp-json\/wp\/v2\/pages\/777\/revisions"}],"predecessor-version":[{"id":2368,"href":"https:\/\/tenerifetennisacademy.com\/fr\/wp-json\/wp\/v2\/pages\/777\/revisions\/2368"}],"up":[{"embeddable":true,"href":"https:\/\/tenerifetennisacademy.com\/fr\/wp-json\/wp\/v2\/pages\/417"}],"wp:attachment":[{"href":"https:\/\/tenerifetennisacademy.com\/fr\/wp-json\/wp\/v2\/media?parent=777"}],"curies":[{"name":"wp","href":"https:\/\/api.w.org\/{rel}","templated":true}]}}